{"id":16,"date":"2022-02-07T20:16:24","date_gmt":"2022-02-07T20:16:24","guid":{"rendered":"https:\/\/ejana-camper.pl\/?page_id=16"},"modified":"2022-03-01T19:40:39","modified_gmt":"2022-03-01T19:40:39","slug":"kamper","status":"publish","type":"page","link":"https:\/\/ejana-camper.pl\/index.php\/kamper\/","title":{"rendered":"Kamper"},"content":{"rendered":"\n<figure class=\"wp-block-image size-full is-resized\"><img loading=\"lazy\" src=\"https:\/\/ejana-camper.pl\/wp-content\/uploads\/2022\/02\/just-dbm-rzut.png\" alt=\"\" class=\"wp-image-66\" width=\"502\" height=\"205\" srcset=\"https:\/\/ejana-camper.pl\/wp-content\/uploads\/2022\/02\/just-dbm-rzut.png 325w, https:\/\/ejana-camper.pl\/wp-content\/uploads\/2022\/02\/just-dbm-rzut-300x123.png 300w\" sizes=\"(max-width: 502px) 100vw, 502px\" \/><\/figure>\n\n\n\n<p class=\"has-vivid-red-color has-text-color\">&nbsp;&nbsp; <strong>KAMPER FIAT 2,3 D 140 Dethleffs Just 90<\/strong><\/p>\n\n\n\n<p class=\"has-black-color has-pale-cyan-blue-background-color has-text-color has-background\"><strong>Kamper przeznaczony dla 5 os\u00f3b do jazdy i spania<\/strong><\/p>\n\n\n\n<p class=\"has-black-color has-pale-cyan-blue-background-color has-text-color has-background\"><strong>KAMPER DETHLEFFS JUST T 7052 EB &#8211; AUTOMAT 9 BIEG\u00d3W<\/strong><\/p>\n\n\n\n<p class=\"has-black-color has-pale-cyan-blue-background-color has-text-color has-background\"><strong>Nowoczesny, kompaktowy kamper ze \u015bwie\u017cym wn\u0119trzem i doskona\u0142ym wyposa\u017ceniem<\/strong>. <\/p>\n\n\n\n<p class=\"has-black-color has-pale-cyan-blue-background-color has-text-color has-background\"><strong>Wewn\u0105trz funkcjonalna kuchnia z pe\u0142nym wyposa\u017ceniem oraz \u0142azienka z osobnym prysznicem. <\/strong><\/p>\n\n\n\n<p class=\"has-black-color has-pale-cyan-blue-background-color has-text-color has-background\"><strong>Komfortowy sen, \u0142\u00f3\u017cka z 7-strefowym materacem oraz drewnianym stela\u017cem. <\/strong><\/p>\n\n\n\n<p class=\"has-black-color has-pale-cyan-blue-background-color has-text-color has-background\"><strong>Du\u017co miejsca do przechowywania jest w stanie pomie\u015bci\u0107 wyposa\u017cenie nawet do specjalnych zada\u0144 turystycznych! <\/strong><\/p>\n\n\n\n<p class=\"has-black-color has-pale-cyan-blue-background-color has-text-color has-background\"><strong>Fabrycznie nowy, 2021 rocznik, bogato wyposa\u017cony, jest obietnic\u0105 udanego urlopu. <\/strong><\/p>\n\n\n\n<p class=\"has-black-color has-pale-cyan-blue-background-color has-text-color has-background\"><strong>Moc silnika: 140 KM, DMC: 3499 kg, AUTOMATYCZNA skrzynia bieg\u00f3w.<\/strong><\/p>\n\n\n\n<p class=\"has-black-color has-pale-cyan-blue-background-color has-text-color has-background\"><strong>Kamper ma mas\u0119 ca\u0142kowit\u0105 do 3,5 tony, czyli jest odpowiedni dla kierowc\u00f3w posiadaj\u0105cych zwyk\u0142e prawo jazdy kat. B.<\/strong><\/p>\n\n\n\n<p><\/p>\n\n\n\n<p class=\"has-vivid-red-color has-text-color\"><strong>Dane techniczne<\/strong><\/p>\n\n\n\n<ul class=\"has-black-color has-text-color\"><li>Podwozie Fiat<\/li><li>Wymiary zewn\u0119trzne: szeroko\u015b\u0107\/wysoko\u015b\u0107\/ d\u0142ugo\u015b\u0107: 233 cm \/ 294 cm \/ 741 cm<\/li><li>Wysoko\u015b\u0107 wewn\u0105trz kampera: 213 cm<\/li><li>Rozmiar k\u00f3\u0142: 225\/75R Opony: 16CP<\/li><li>Dost\u0119pne opony zimowe i \u0142a\u0144cuch<\/li><li>Rozstaw osi: 404 cm<\/li><li>Wymiary \u0142\u00f3\u017cka dodatkowego<\/li><li>Wymiary \u0142\u00f3\u017cka \u015brodkowego: 180\u2009\u00d7\u2009140 cm<\/li><li>Wymiary \u0142\u00f3\u017cka z ty\u0142u kampera : 180 x 150 cm <\/li><li>Ilo\u015b\u0107 os\u00f3b do jazdy \/spania: 5<\/li><li>Rodzaj silnika \/ paliwo: 2,3 Diesel<\/li><li>Moc silnika: 140 KM DMC: 3499 kg<\/li><li>Ogrzewanie: Truma Combi 6<\/li><li>Klimatyzacja z nagrzewnic\u0105 WEBASTO COOL TOP 2 kW<\/li><li>Pojemno\u015b\u0107 lod\u00f3wki \/ zamra\u017calnika: 142 \/ 15 l<\/li><li>Zbiornik na wod\u0119 czyst\u0105: 125 l<\/li><li>Zbiornik na wod\u0119 szar\u0105: 90 l<\/li><li>Telewizor z anten\u0105 DVBT<\/li><li>Markiza boczna Thule 4,5 m<\/li><li>Baga\u017cnik na 4 rowery <\/li><\/ul>\n\n\n\n<p class=\"has-vivid-red-color has-text-color\"><strong>Wyposa\u017cenie dodatkowe<\/strong><\/p>\n\n\n\n<ul class=\"has-black-color has-text-color\"><li>Kuchnia 2-palnikowa, g\u0142\u0119bokie szuflady, wk\u0142adka na sztu\u0107ce, kosz na \u015bmieci, szeroki blat<\/li><li>Lod\u00f3wka z zamra\u017calnikiem (142l \/ 15l) i systemem oszcz\u0119dzania energii AES<\/li><li>System szyn MultiFlex<\/li><li>Armatura prysznicowa z regulacj\u0105 wysoko\u015bci<\/li><li>Szafki, p\u00f3\u0142ki, wieszaki, lustro<\/li><li>Kratka prysznicowa<\/li><li>Szafki z mi\u0119kkim domykaniem \u201eSoft Close\u201d<\/li><li>Sta\u0142e \u0142\u00f3\u017cka z drewnianymi stela\u017cami i 7-strefowymi materacami<\/li><li>Kanapa w kszta\u0142cie litery \u201eL\u201d<\/li><li>Szafka na dwie butle gazowe (2 x 11 kg)<\/li><li>Automatyczny prze\u0142\u0105cznik zasilania akumulatora i lod\u00f3wki<\/li><li>O\u015bwietlenie LED<\/li><li>Pod\u015bwietlane drzwi wej\u015bciowe<\/li><li>EBL z ochron\u0105 przed przepi\u0119ciami<\/li><li>Nap\u0119d na przednie ko\u0142a<\/li><li>ABS\/EBD, ESP i ASR<\/li><li>Hill Holder i Hill Descent<\/li><li>Przerwanie dop\u0142ywu paliwa i mechanizm sk\u0142adania kolumny kierowniczej w wypadku kolizji<\/li><li>\u015awiat\u0142a do jazdy dziennej zintegrowane ze standardowymi reflektorami<\/li><li>Elektryczna regulacja okien<\/li><li>Poduszka powietrzna kierowcy<\/li><li>Traction+<\/li><li>Tylny gara\u017c: dwie klapy gara\u017cowe, obni\u017cony ty\u0142 (obci\u0105\u017cenie powierzchniowe 150 kg), ogrzewanie, uchwyty mocuj\u0105ce, o\u015bwietlenie, gniazdo 230 V<\/li><li>Drzwi wej\u015bciowe: 70 cm, moskitiera, o\u015bwietlenie markizy, okno<\/li><li>Okno dachowe 70\u00d750 cm w pokoju dziennym<\/li><li>Okno dachowe w kabinie kierowcy<\/li><li>Trzecie \u015bwiat\u0142o stopu<\/li><li>Rolety zaciemniaj\u0105ce w kabinie kierowcy<\/li><li>Obrotowe fotele lotnicze z zag\u0142\u00f3wkami i pod\u0142okietnikami<\/li><li>Regulacja wysoko\u015bci i nachylenia w fotelu kierowcy oraz pasa\u017cera<\/li><li>Drzwi wej\u015bciowe z zamkiem centralnym<\/li><li>Elektryczne, podgrzewane lusterka<\/li><li>Poduszka powietrzna pasa\u017cera<\/li><li>Klimatyzacja manualna<\/li><li>Tempomat<\/li><li>Sk\u00f3rzana kierownica <\/li><li>Zdalne sterowanie przy kierownicy<\/li><li>Uchwyt na kubki<\/li><li>Tablica rozdzielcza z chromowanymi elementami<\/li><li>\u015awiat\u0142a LED do jazdy dziennej<\/li><li>Radio i nawigacja Blaupunkt Hannover 570<\/li><li>Kamera cofania <\/li><li>Fotele z regulacj\u0105 wysoko\u015bci i nachylenia<\/li><li>Okno dachowe<\/li><li>Drzwi wej\u015bciowe z oknem, moskitier\u0105 i zamkiem centralnym<\/li><li>\u017baluzje w kabinie kierowcy<\/li><li>O\u015bwietlenie markizy 12v<\/li><li>Reflektory punktowe LED z gniazdem USB i sterowaniem dotykowym<\/li><\/ul>\n\n\n\n<p class=\"has-vivid-red-color has-text-color\"><strong>Wyposa\u017cenie kuchni<\/strong><\/p>\n\n\n\n<ul class=\"has-black-color has-text-color\"><li>Zestaw garnk\u00f3w 8 cz\u0119\u015bciowy<\/li><li>Talerze, talerzyki, kubki 8 komplet\u00f3w<\/li><li>Szklanki do napoju 6 sztuk<\/li><li>Kieliszki<\/li><li>Sztu\u0107ce: n\u00f3\u017c, widelec, \u0142y\u017cka, \u0142y\u017ceczka 8 komplet\u00f3w<\/li><li>Miski 4 szt.<\/li><li>Suszarka do naczy\u0144<\/li><li>Czajnik na gaz 1szt.<\/li><\/ul>\n\n\n\n<p class=\"has-vivid-red-color has-text-color\"><strong>Wyposa\u017cenie sypialni<\/strong><\/p>\n\n\n\n<ul class=\"has-black-color has-text-color\"><li>Ko\u0142dry z poszewk\u0105 4 szt.<\/li><li>Poduszki z poszewk\u0105 4 szt.<\/li><li>Prze\u015bcierad\u0142a 2 szt.<\/li><li>Wieszaki 20 szt.<\/li><\/ul>\n\n\n\n<p class=\"has-vivid-red-color has-text-color\"><strong>Wyposa\u017cenie podw\u00f3rka<\/strong><\/p>\n\n\n\n<ul class=\"has-black-color has-text-color\"><li>Mata pod markiz\u0119 x 1 szt.<\/li><li>St\u00f3\u0142 turystyczny + krzes\u0142a 4 szt.<\/li><li>Grill gazowy x 1 szt.<\/li><li>Barek sk\u0142adany x 1 szt.<\/li><li>Lampki <\/li><li>Konewka x 1 szt.<\/li><li>W\u0105\u017c 7 m<\/li><li>Rury do odprowadzenia brudnej wody do kanalizacji na parceli<\/li><li>Butle gazowe 11 kg x 2 szt.<\/li><\/ul>\n\n\n\n<p class=\"has-vivid-red-color has-text-color\"><strong>Chemia gospodarcza i wc<\/strong><\/p>\n\n\n\n<ul><li>Tabletki do WC<\/li><li>Papier toaletowy specjalny do kasety<\/li><\/ul>\n\n\n\n<p class=\"has-vivid-red-color has-text-color\"><strong>Dodatkowe wyposa\u017cenie<\/strong><\/p>\n\n\n\n<ul class=\"has-black-color has-text-color\"><li>Apteczka x 1<\/li><li>Kamizelki odblaskowe 5 szt.<\/li><li>Ga\u015bnica x 1 szt.<\/li><li>Kliny najazdowe 2 szt.<\/li><li>Podno\u015bniki do poziomowania kampera<\/li><li>Zestaw naprawczy ko\u0142a<\/li><\/ul>\n","protected":false},"excerpt":{"rendered":"<p>&nbsp;&nbsp; KAMPER FIAT 2,3 D 140 Dethleffs Just 90 Kamper przeznaczony dla 5 os\u00f3b do jazdy i spania KAMPER DETHLEFFS JUST T 7052 EB &#8211; AUTOMAT 9 BIEG\u00d3W Nowoczesny, kompaktowy kamper ze \u015bwie\u017cym wn\u0119trzem i doskona\u0142ym wyposa\u017ceniem. Wewn\u0105trz funkcjonalna kuchnia z pe\u0142nym wyposa\u017ceniem oraz \u0142azienka z osobnym prysznicem. Komfortowy sen, \u0142\u00f3\u017cka z 7-strefowym materacem oraz [&hellip;]<\/p>\n","protected":false},"author":1,"featured_media":0,"parent":0,"menu_order":0,"comment_status":"closed","ping_status":"closed","template":"","meta":{"_regular_price":[],"currency_symbol":[]},"post_slider_layout_featured_media_urls":{"thumbnail":"","post_slider_layout_landscape_large":"","post_slider_layout_portrait_large":"","post_slider_layout_square_large":"","post_slider_layout_landscape":"","post_slider_layout_portrait":"","post_slider_layout_square":"","full":""},"_links":{"self":[{"href":"https:\/\/ejana-camper.pl\/index.php\/wp-json\/wp\/v2\/pages\/16"}],"collection":[{"href":"https:\/\/ejana-camper.pl\/index.php\/wp-json\/wp\/v2\/pages"}],"about":[{"href":"https:\/\/ejana-camper.pl\/index.php\/wp-json\/wp\/v2\/types\/page"}],"author":[{"embeddable":true,"href":"https:\/\/ejana-camper.pl\/index.php\/wp-json\/wp\/v2\/users\/1"}],"replies":[{"embeddable":true,"href":"https:\/\/ejana-camper.pl\/index.php\/wp-json\/wp\/v2\/comments?post=16"}],"version-history":[{"count":24,"href":"https:\/\/ejana-camper.pl\/index.php\/wp-json\/wp\/v2\/pages\/16\/revisions"}],"predecessor-version":[{"id":115,"href":"https:\/\/ejana-camper.pl\/index.php\/wp-json\/wp\/v2\/pages\/16\/revisions\/115"}],"wp:attachment":[{"href":"https:\/\/ejana-camper.pl\/index.php\/wp-json\/wp\/v2\/media?parent=16"}],"curies":[{"name":"wp","href":"https:\/\/api.w.org\/{rel}","templated":true}]}}