{"id":20,"date":"2022-02-07T20:17:19","date_gmt":"2022-02-07T20:17:19","guid":{"rendered":"https:\/\/ejana-camper.pl\/?page_id=20"},"modified":"2022-03-29T03:48:37","modified_gmt":"2022-03-29T03:48:37","slug":"o-nas","status":"publish","type":"page","link":"https:\/\/ejana-camper.pl\/index.php\/o-nas\/","title":{"rendered":"O Nas"},"content":{"rendered":"\n<p class=\"has-black-color has-vivid-cyan-blue-background-color has-text-color has-background\"><strong>Witamy serdecznie.<\/strong><\/p>\n\n\n\n<p class=\"has-black-color has-text-color\">Chcemy podzieli\u0107 si\u0119 z wami naszym nowym kamperem.<\/p>\n\n\n\n<p class=\"has-black-color has-text-color\">W chwilach wolnych podr\u00f3\u017cujemy nim dlatego wyposa\u017cony jest we wszystko co potrzebne <\/p>\n\n\n\n<p class=\"has-black-color has-text-color\">do sp\u0119dzania\u00a0 przyjemnych chwil na odpoczywaniu i relaksie, oraz\u00a0 przygotowywaniu fantastycznych <\/p>\n\n\n\n<p class=\"has-black-color has-text-color\">potraw i spo\u017cywania ich na \u015bwie\u017cym powietrzu. <\/p>\n\n\n\n<p class=\"has-black-color has-text-color\">Spakuj swoja rodzin\u0119 lub przyjaci\u00f3\u0142 przyjed\u017a do nas zamie\u0144 sw\u00f3j samoch\u00f3d na naszego kampera i ahoj przygodo. <\/p>\n\n\n\n<p class=\"has-black-color has-text-color\">ZAPRASZAMY\u00a0\u00a0\u00a0<\/p>\n","protected":false},"excerpt":{"rendered":"<p>Witamy serdecznie. Chcemy podzieli\u0107 si\u0119 z wami naszym nowym kamperem. W chwilach wolnych podr\u00f3\u017cujemy nim dlatego wyposa\u017cony jest we wszystko co potrzebne do sp\u0119dzania\u00a0 przyjemnych chwil na odpoczywaniu i relaksie, oraz\u00a0 przygotowywaniu fantastycznych potraw i spo\u017cywania ich na \u015bwie\u017cym powietrzu. Spakuj swoja rodzin\u0119 lub przyjaci\u00f3\u0142 przyjed\u017a do nas zamie\u0144 sw\u00f3j samoch\u00f3d na naszego kampera i [&hellip;]<\/p>\n","protected":false},"author":1,"featured_media":0,"parent":0,"menu_order":0,"comment_status":"closed","ping_status":"closed","template":"","meta":{"_regular_price":[],"currency_symbol":[]},"post_slider_layout_featured_media_urls":{"thumbnail":"","post_slider_layout_landscape_large":"","post_slider_layout_portrait_large":"","post_slider_layout_square_large":"","post_slider_layout_landscape":"","post_slider_layout_portrait":"","post_slider_layout_square":"","full":""},"_links":{"self":[{"href":"https:\/\/ejana-camper.pl\/index.php\/wp-json\/wp\/v2\/pages\/20"}],"collection":[{"href":"https:\/\/ejana-camper.pl\/index.php\/wp-json\/wp\/v2\/pages"}],"about":[{"href":"https:\/\/ejana-camper.pl\/index.php\/wp-json\/wp\/v2\/types\/page"}],"author":[{"embeddable":true,"href":"https:\/\/ejana-camper.pl\/index.php\/wp-json\/wp\/v2\/users\/1"}],"replies":[{"embeddable":true,"href":"https:\/\/ejana-camper.pl\/index.php\/wp-json\/wp\/v2\/comments?post=20"}],"version-history":[{"count":4,"href":"https:\/\/ejana-camper.pl\/index.php\/wp-json\/wp\/v2\/pages\/20\/revisions"}],"predecessor-version":[{"id":472,"href":"https:\/\/ejana-camper.pl\/index.php\/wp-json\/wp\/v2\/pages\/20\/revisions\/472"}],"wp:attachment":[{"href":"https:\/\/ejana-camper.pl\/index.php\/wp-json\/wp\/v2\/media?parent=20"}],"curies":[{"name":"wp","href":"https:\/\/api.w.org\/{rel}","templated":true}]}}