{"id":36,"date":"2022-02-07T20:40:00","date_gmt":"2022-02-07T20:40:00","guid":{"rendered":"https:\/\/ejana-camper.pl\/?page_id=36"},"modified":"2022-03-14T16:44:42","modified_gmt":"2022-03-14T16:44:42","slug":"strona-tytulowa","status":"publish","type":"page","link":"https:\/\/ejana-camper.pl\/index.php\/strona-tytulowa\/","title":{"rendered":"KAMPER DETHLEFFS JUST T 7052 EB \u2013 AUTOMAT"},"content":{"rendered":"\n<p>Nowoczesny, kompaktowy kamper ze \u015bwie\u017cym wn\u0119trzem\u00a0i doskona\u0142ym wyposa\u017ceniem. Wewn\u0105trz funkcjonalna kuchnia z pe\u0142nym wyposa\u017ceniem oraz \u0142azienka z osobnym prysznicem. Komfortowy sen, \u0142\u00f3\u017cka z 7-strefowym materacem oraz drewnianym stela\u017cem. Du\u017co miejsca do przechowywania jest w stanie pomie\u015bci\u0107 wyposa\u017cenie nawet do specjalnych zada\u0144 turystycznych! Fabrycznie nowy, 2021 rocznik,\u00a0bogato wyposa\u017cony, jest obietnic\u0105 udanego urlopu. Moc silnika: 140 KM, DMC: 3499 kg, 9 stopniowa AUTOMATYCZNA skrzynia bieg\u00f3w. Kamper ma mas\u0119 ca\u0142kowit\u0105 do 3,5 tony, czyli jest odpowiedni dla kierowc\u00f3w posiadaj\u0105cych zwyk\u0142e prawo jazdy kat. B.<\/p>\n\n\n\n<div class=\"wp-block-booking-booking\"> <div id=\"form_id905908649700\" class=\"wpdevelop\"><form  id=\"booking_form1\"   class=\"booking_form vertical\" method=\"post\" action=\"\"><div id=\"ajax_respond_insert1\" class=\"ajax_respond_insert\" style=\"display:none;\"><\/div><a name=\"bklnk1\" id=\"bklnk1\"><\/a><div id=\"booking_form_div1\" class=\"booking_form_div\"><div class=\"wpbc_booking_form_structure wpbc_vertical\">\n  <div class=\"wpbc_structure_calendar\">\n    <div class=\"wpbc_change_over_triangle\"><div class=\"bk_calendar_frame months_num_in_row_ cal_month_num_1 wpbc_timeslot_day_bg_as_available\" style=\"width:284px;\"><div id=\"calendar_booking1\">Wczytuj\u0119 kalendarz...<\/div><\/div><div style=\"font-size:9px;text-align:left;margin-top:3px;\">Powered by <a style=\"font-size:9px;\" href=\"https:\/\/wpbookingcalendar.com\" target=\"_blank\" title=\"Booking Calendar plugin for WordPress\">Booking Calendar<\/a><\/div><textarea id=\"date_booking1\" name=\"date_booking1\" autocomplete=\"off\" style=\"display:none;\"><\/textarea><div class=\"block_hints datepick\"><div class=\"wpdev_hint_with_text\"><div class=\"block_free datepick-days-cell\"><a>15<\/a><\/div><div class=\"block_text\">- Dost\u0119pne<\/div><\/div><div class=\"wpdev_hint_with_text\"><div class=\"block_booked date_approved\">15<\/div><div class=\"block_text\">- Zarezerwowano<\/div><\/div><div class=\"wpdev_hint_with_text\"><div class=\"block_pending date2approve\">15<\/div><div class=\"block_text\">- Oczekuj\u0105ce<\/div><\/div><\/div><div class=\"wpdev_clear_hint\"><\/div><\/div>\n  <\/div>\n  <div class=\"wpbc_structure_form\">\n  <div class=\"form-group\">  <label for=\"name1\" class=\"control-label\">Imi\u0119*:<\/label>   <div class=\"controls\">   <input type=\"text\" name=\"name1\" id=\"name1\" class=\"input-xlarge wpdev-validates-as-required\" \/><\/div><\/div>  <div class=\"form-group\">  <label for=\"secondname1\" class=\"control-label\">Nazwisko*:<\/label>   <div class=\"controls\">   <input type=\"text\" name=\"secondname1\" id=\"secondname1\" class=\"input-xlarge wpdev-validates-as-required\" \/><\/div><\/div>  <div class=\"form-group\">  <label for=\"email1\" class=\"control-label\">Email*:<\/label>   <div class=\"controls\">   <input type=\"text\" name=\"email1\" id=\"email1\" class=\"input-xlarge wpdev-validates-as-email wpdev-validates-as-required wpdev-validates-as-required\" \/><\/div><\/div>  <div class=\"form-group\">  <label for=\"phone1\" class=\"control-label\">Telefon*:<\/label>   <div class=\"controls\">   <input type=\"text\" name=\"phone1\" id=\"phone1\" class=\"input-xlarge wpdev-validates-as-required\" \/><\/div><\/div>  <div class=\"form-group\">  <label for=\"details1\" class=\"control-label\">Dodatkowe informacje:<\/label>   <div class=\"controls\">   <textarea  rows=\"3\" name=\"details1\" id=\"details1\" class=\"input-xlarge\" ><\/textarea><\/div><\/div><div class=\"form-group\"><\/div>\n<div class=\"form-group\"><button class=\"btn btn-default\" type=\"button\" onclick=\"mybooking_submit(this.form,1,'pl_PL');\" >Wy\u015blij<\/button><\/div>\n  <\/div>\n<\/div>\n<div class=\"wpbc_booking_form_footer\"><\/div><input id=\"bk_type1\" name=\"bk_type1\" class=\"\" type=\"hidden\" value=\"1\" \/><\/div><div id=\"submiting1\"><\/div><div class=\"form_bk_messages\" id=\"form_bk_messages1\" ><\/div><input type=\"hidden\" id=\"wpbc_nonce1\" name=\"wpbc_nonce1\" value=\"23c5a42c58\" \/><input type=\"hidden\" name=\"_wp_http_referer\" value=\"\/index.php\/wp-json\/wp\/v2\/pages\/36\" \/><input type=\"hidden\" id=\"wpbc_nonceCALCULATE_THE_COST1\" name=\"wpbc_nonceCALCULATE_THE_COST1\" value=\"4784f59c30\" \/><input type=\"hidden\" name=\"_wp_http_referer\" value=\"\/index.php\/wp-json\/wp\/v2\/pages\/36\" \/><\/form><\/div><div id=\"booking_form_garbage1\" class=\"booking_form_garbage\"><\/div><script type=\"text\/javascript\">\n                                jQuery(document).ready( function(){\n                                    jQuery(\".widget_wpdev_booking .booking_form.form-horizontal\").removeClass(\"form-horizontal\");\n                                    var visible_booking_id_on_page_num = visible_booking_id_on_page.length;\n                                    if (visible_booking_id_on_page_num !== null ) {\n                                        for (var i=0;i< visible_booking_id_on_page_num ;i++){\n                                          if ( visible_booking_id_on_page[i]==\"booking_form_div1\" ) {\n                                              document.getElementById(\"form_id905908649700\").innerHTML = \"<span style='color:#A00;font-size:10px;'>Uwaga! Kalendarz rezerwacji dla tego zasobu rezerwacji jest ju\u017c na stronie, sprawd\u017a wi\u0119cej na ten temat tutaj: https:\/\/wpbookingcalendar.com\/faq\/why-the-booking-calendar-widget-not-show-on-page\/<\/span>\";                                                                                                  \n                                              jQuery(\"#form_id905908649700\").animate( {opacity: 1}, 10000 ).fadeOut(5000);\n                                              return;\n                                          }\n                                        }\n                                        visible_booking_id_on_page[ visible_booking_id_on_page_num ]=\"booking_form_div1\";\n                                    }\n                                });\n                            <\/script> <script type='text\/javascript'>  jQuery(document).ready( function(){  date_admin_blank[1] = [];  date2approve[1] = [];  var date_approved_par = [];  init_datepick_cal('1', date_approved_par, 1 , 1, false   );  }); <\/script><\/div>\n","protected":false},"excerpt":{"rendered":"<p>Nowoczesny, kompaktowy kamper ze \u015bwie\u017cym wn\u0119trzem\u00a0i doskona\u0142ym wyposa\u017ceniem. Wewn\u0105trz funkcjonalna kuchnia z pe\u0142nym wyposa\u017ceniem oraz \u0142azienka z osobnym prysznicem. Komfortowy sen, \u0142\u00f3\u017cka z 7-strefowym materacem oraz drewnianym stela\u017cem. Du\u017co miejsca do przechowywania jest w stanie pomie\u015bci\u0107 wyposa\u017cenie nawet do specjalnych zada\u0144 turystycznych! Fabrycznie nowy, 2021 rocznik,\u00a0bogato wyposa\u017cony, jest obietnic\u0105 udanego urlopu. Moc silnika: 140 KM, [&hellip;]<\/p>\n","protected":false},"author":1,"featured_media":146,"parent":0,"menu_order":0,"comment_status":"closed","ping_status":"closed","template":"","meta":{"_regular_price":[],"currency_symbol":[]},"post_slider_layout_featured_media_urls":{"thumbnail":["https:\/\/ejana-camper.pl\/wp-content\/uploads\/2022\/03\/P1030938-e1646858293450-150x150.jpg",150,150,true],"post_slider_layout_landscape_large":["https:\/\/ejana-camper.pl\/wp-content\/uploads\/2022\/03\/P1030938-e1646858293450.jpg",1024,768,false],"post_slider_layout_portrait_large":["https:\/\/ejana-camper.pl\/wp-content\/uploads\/2022\/03\/P1030938-e1646858293450.jpg",1024,768,false],"post_slider_layout_square_large":["https:\/\/ejana-camper.pl\/wp-content\/uploads\/2022\/03\/P1030938-e1646858293450.jpg",1024,768,false],"post_slider_layout_landscape":["https:\/\/ejana-camper.pl\/wp-content\/uploads\/2022\/03\/P1030938-e1646858293450-600x400.jpg",600,400,true],"post_slider_layout_portrait":["https:\/\/ejana-camper.pl\/wp-content\/uploads\/2022\/03\/P1030938-e1646858293450-600x768.jpg",600,768,true],"post_slider_layout_square":["https:\/\/ejana-camper.pl\/wp-content\/uploads\/2022\/03\/P1030938-e1646858293450-600x600.jpg",600,600,true],"full":["https:\/\/ejana-camper.pl\/wp-content\/uploads\/2022\/03\/P1030938-e1646858293450.jpg",1024,768,false]},"_links":{"self":[{"href":"https:\/\/ejana-camper.pl\/index.php\/wp-json\/wp\/v2\/pages\/36"}],"collection":[{"href":"https:\/\/ejana-camper.pl\/index.php\/wp-json\/wp\/v2\/pages"}],"about":[{"href":"https:\/\/ejana-camper.pl\/index.php\/wp-json\/wp\/v2\/types\/page"}],"author":[{"embeddable":true,"href":"https:\/\/ejana-camper.pl\/index.php\/wp-json\/wp\/v2\/users\/1"}],"replies":[{"embeddable":true,"href":"https:\/\/ejana-camper.pl\/index.php\/wp-json\/wp\/v2\/comments?post=36"}],"version-history":[{"count":7,"href":"https:\/\/ejana-camper.pl\/index.php\/wp-json\/wp\/v2\/pages\/36\/revisions"}],"predecessor-version":[{"id":182,"href":"https:\/\/ejana-camper.pl\/index.php\/wp-json\/wp\/v2\/pages\/36\/revisions\/182"}],"wp:featuredmedia":[{"embeddable":true,"href":"https:\/\/ejana-camper.pl\/index.php\/wp-json\/wp\/v2\/media\/146"}],"wp:attachment":[{"href":"https:\/\/ejana-camper.pl\/index.php\/wp-json\/wp\/v2\/media?parent=36"}],"curies":[{"name":"wp","href":"https:\/\/api.w.org\/{rel}","templated":true}]}}