{"id":464,"date":"2022-03-28T22:25:23","date_gmt":"2022-03-28T22:25:23","guid":{"rendered":"https:\/\/ejana-camper.pl\/?page_id=464"},"modified":"2022-03-28T22:25:23","modified_gmt":"2022-03-28T22:25:23","slug":"wyjazd-kamperem-na-weekend","status":"publish","type":"page","link":"https:\/\/ejana-camper.pl\/index.php\/wyjazd-kamperem-na-weekend\/","title":{"rendered":"Wyjazd Kamperem na weekend"},"content":{"rendered":"\n<p>Nasz nowoczesny Kamper pozwoli na wygodne nie tylko przemieszczanie si\u0119 do miejsca naszych wakacji, ale tak\u017ce zapewni najwy\u017csz\u0105 wygod\u0119 je\u017celi chodzi o mo\u017cliwo\u015b\u0107 zjedzenia cho\u0107by \u015bniadania na \u015bwie\u017cym powietrzu. Kamper wyposa\u017cony jest w rozwijan\u0105 rolet\u0119 zapewniaj\u0105c\u0105 ochron\u0119 zar\u00f3wno przed s\u0142o\u0144cem, jak i deszczem.<\/p>\n\n\n\n<figure class=\"wp-block-image size-large\"><img loading=\"lazy\" width=\"1024\" height=\"1024\" src=\"https:\/\/ejana-camper.pl\/wp-content\/uploads\/2022\/03\/WhatsApp-Image-2022-03-27-at-8.51.27-PM-1024x1024.jpeg\" alt=\"\" class=\"wp-image-460\" srcset=\"https:\/\/ejana-camper.pl\/wp-content\/uploads\/2022\/03\/WhatsApp-Image-2022-03-27-at-8.51.27-PM-1024x1024.jpeg 1024w, https:\/\/ejana-camper.pl\/wp-content\/uploads\/2022\/03\/WhatsApp-Image-2022-03-27-at-8.51.27-PM-300x300.jpeg 300w, https:\/\/ejana-camper.pl\/wp-content\/uploads\/2022\/03\/WhatsApp-Image-2022-03-27-at-8.51.27-PM-150x150.jpeg 150w, https:\/\/ejana-camper.pl\/wp-content\/uploads\/2022\/03\/WhatsApp-Image-2022-03-27-at-8.51.27-PM-768x768.jpeg 768w, https:\/\/ejana-camper.pl\/wp-content\/uploads\/2022\/03\/WhatsApp-Image-2022-03-27-at-8.51.27-PM-1200x1200.jpeg 1200w, https:\/\/ejana-camper.pl\/wp-content\/uploads\/2022\/03\/WhatsApp-Image-2022-03-27-at-8.51.27-PM-600x600.jpeg 600w, https:\/\/ejana-camper.pl\/wp-content\/uploads\/2022\/03\/WhatsApp-Image-2022-03-27-at-8.51.27-PM.jpeg 1496w\" sizes=\"(max-width: 1024px) 100vw, 1024px\" \/><\/figure>\n\n\n\n<p>Do wyposa\u017cenia kampera zalicza si\u0119 rozk\u0142adany st\u00f3\u0142 wraz z krzes\u0142ami dzi\u0119ki czemu b\u0119d\u0105 mie\u0107 Pa\u0144stwo pewno\u015b\u0107 \u017ce podczas wynajmu naszego kampera w wygodny spos\u00f3b sp\u0119dzicie sw\u00f3j pobyt tam gdzie dowiezie was samoch\u00f3d. <\/p>\n\n\n\n<figure class=\"wp-block-image size-full\"><img loading=\"lazy\" width=\"768\" height=\"768\" src=\"https:\/\/ejana-camper.pl\/wp-content\/uploads\/2022\/03\/z6.jpg\" alt=\"\" class=\"wp-image-149\" srcset=\"https:\/\/ejana-camper.pl\/wp-content\/uploads\/2022\/03\/z6.jpg 768w, https:\/\/ejana-camper.pl\/wp-content\/uploads\/2022\/03\/z6-300x300.jpg 300w, https:\/\/ejana-camper.pl\/wp-content\/uploads\/2022\/03\/z6-100x100.jpg 100w, https:\/\/ejana-camper.pl\/wp-content\/uploads\/2022\/03\/z6-600x600.jpg 600w, https:\/\/ejana-camper.pl\/wp-content\/uploads\/2022\/03\/z6-150x150.jpg 150w\" sizes=\"(max-width: 768px) 100vw, 768px\" \/><\/figure>\n\n\n\n<p>Kiedy nawet pogoda nie b\u0119dzie sprzyja\u0142a. Zawsze mo\u017cemy wykorzysta\u0107 wn\u0119trze tego przestronnego kampera. Dzi\u0119ki temu kolacja we wn\u0119trza z widokiem na zach\u00f3d s\u0142o\u0144ca na bierze klimatu r\u00f3wnie\u017c zim\u0105. Zach\u0119camy do sk\u0142adania zapyta\u0144 o mo\u017cliwo\u015b\u0107 rezerwacji naszego kampera przez poni\u017cszy formularz. <\/p>\n\n\n\n<div class=\"wp-block-booking-booking\"> <div id=\"form_id319732479900\" class=\"wpdevelop\"><form  id=\"booking_form1\"   class=\"booking_form vertical\" method=\"post\" action=\"\"><div id=\"ajax_respond_insert1\" class=\"ajax_respond_insert\" style=\"display:none;\"><\/div><a name=\"bklnk1\" id=\"bklnk1\"><\/a><div id=\"booking_form_div1\" class=\"booking_form_div\"><div class=\"wpbc_booking_form_structure wpbc_vertical\">\n  <div class=\"wpbc_structure_calendar\">\n    <div class=\"wpbc_change_over_triangle\"><div class=\"bk_calendar_frame months_num_in_row_ cal_month_num_1 wpbc_timeslot_day_bg_as_available\" style=\"width:284px;\"><div id=\"calendar_booking1\">Wczytuj\u0119 kalendarz...<\/div><\/div><div style=\"font-size:9px;text-align:left;margin-top:3px;\">Powered by <a style=\"font-size:9px;\" href=\"https:\/\/wpbookingcalendar.com\" target=\"_blank\" title=\"Booking Calendar plugin for WordPress\">Booking Calendar<\/a><\/div><textarea id=\"date_booking1\" name=\"date_booking1\" autocomplete=\"off\" style=\"display:none;\"><\/textarea><div class=\"block_hints datepick\"><div class=\"wpdev_hint_with_text\"><div class=\"block_free datepick-days-cell\"><a>15<\/a><\/div><div class=\"block_text\">- Dost\u0119pne<\/div><\/div><div class=\"wpdev_hint_with_text\"><div class=\"block_booked date_approved\">15<\/div><div class=\"block_text\">- Zarezerwowano<\/div><\/div><div class=\"wpdev_hint_with_text\"><div class=\"block_pending date2approve\">15<\/div><div class=\"block_text\">- Oczekuj\u0105ce<\/div><\/div><\/div><div class=\"wpdev_clear_hint\"><\/div><\/div>\n  <\/div>\n  <div class=\"wpbc_structure_form\">\n  <div class=\"form-group\">  <label for=\"name1\" class=\"control-label\">Imi\u0119*:<\/label>   <div class=\"controls\">   <input type=\"text\" name=\"name1\" id=\"name1\" class=\"input-xlarge wpdev-validates-as-required\" \/><\/div><\/div>  <div class=\"form-group\">  <label for=\"secondname1\" class=\"control-label\">Nazwisko*:<\/label>   <div class=\"controls\">   <input type=\"text\" name=\"secondname1\" id=\"secondname1\" class=\"input-xlarge wpdev-validates-as-required\" \/><\/div><\/div>  <div class=\"form-group\">  <label for=\"email1\" class=\"control-label\">Email*:<\/label>   <div class=\"controls\">   <input type=\"text\" name=\"email1\" id=\"email1\" class=\"input-xlarge wpdev-validates-as-email wpdev-validates-as-required wpdev-validates-as-required\" \/><\/div><\/div>  <div class=\"form-group\">  <label for=\"phone1\" class=\"control-label\">Telefon*:<\/label>   <div class=\"controls\">   <input type=\"text\" name=\"phone1\" id=\"phone1\" class=\"input-xlarge wpdev-validates-as-required\" \/><\/div><\/div>  <div class=\"form-group\">  <label for=\"details1\" class=\"control-label\">Dodatkowe informacje:<\/label>   <div class=\"controls\">   <textarea  rows=\"3\" name=\"details1\" id=\"details1\" class=\"input-xlarge\" ><\/textarea><\/div><\/div><div class=\"form-group\"><\/div>\n<div class=\"form-group\"><button class=\"btn btn-default\" type=\"button\" onclick=\"mybooking_submit(this.form,1,'pl_PL');\" >Wy\u015blij<\/button><\/div>\n  <\/div>\n<\/div>\n<div class=\"wpbc_booking_form_footer\"><\/div><input id=\"bk_type1\" name=\"bk_type1\" class=\"\" type=\"hidden\" value=\"1\" \/><\/div><div id=\"submiting1\"><\/div><div class=\"form_bk_messages\" id=\"form_bk_messages1\" ><\/div><input type=\"hidden\" id=\"wpbc_nonce1\" name=\"wpbc_nonce1\" value=\"23c5a42c58\" \/><input type=\"hidden\" name=\"_wp_http_referer\" value=\"\/index.php\/wp-json\/wp\/v2\/pages\/464\" \/><input type=\"hidden\" id=\"wpbc_nonceCALCULATE_THE_COST1\" name=\"wpbc_nonceCALCULATE_THE_COST1\" value=\"4784f59c30\" \/><input type=\"hidden\" name=\"_wp_http_referer\" value=\"\/index.php\/wp-json\/wp\/v2\/pages\/464\" \/><\/form><\/div><div id=\"booking_form_garbage1\" class=\"booking_form_garbage\"><\/div><script type=\"text\/javascript\">\n                                jQuery(document).ready( function(){\n                                    jQuery(\".widget_wpdev_booking .booking_form.form-horizontal\").removeClass(\"form-horizontal\");\n                                    var visible_booking_id_on_page_num = visible_booking_id_on_page.length;\n                                    if (visible_booking_id_on_page_num !== null ) {\n                                        for (var i=0;i< visible_booking_id_on_page_num ;i++){\n                                          if ( visible_booking_id_on_page[i]==\"booking_form_div1\" ) {\n                                              document.getElementById(\"form_id319732479900\").innerHTML = \"<span style='color:#A00;font-size:10px;'>Uwaga! Kalendarz rezerwacji dla tego zasobu rezerwacji jest ju\u017c na stronie, sprawd\u017a wi\u0119cej na ten temat tutaj: https:\/\/wpbookingcalendar.com\/faq\/why-the-booking-calendar-widget-not-show-on-page\/<\/span>\";                                                                                                  \n                                              jQuery(\"#form_id319732479900\").animate( {opacity: 1}, 10000 ).fadeOut(5000);\n                                              return;\n                                          }\n                                        }\n                                        visible_booking_id_on_page[ visible_booking_id_on_page_num ]=\"booking_form_div1\";\n                                    }\n                                });\n                            <\/script> <script type='text\/javascript'>  jQuery(document).ready( function(){  date_admin_blank[1] = [];  date2approve[1] = [];  var date_approved_par = [];  init_datepick_cal('1', date_approved_par, 1 , 1, false   );  }); <\/script><\/div>\n","protected":false},"excerpt":{"rendered":"<p>Nasz nowoczesny Kamper pozwoli na wygodne nie tylko przemieszczanie si\u0119 do miejsca naszych wakacji, ale tak\u017ce zapewni najwy\u017csz\u0105 wygod\u0119 je\u017celi chodzi o mo\u017cliwo\u015b\u0107 zjedzenia cho\u0107by \u015bniadania na \u015bwie\u017cym powietrzu. Kamper wyposa\u017cony jest w rozwijan\u0105 rolet\u0119 zapewniaj\u0105c\u0105 ochron\u0119 zar\u00f3wno przed s\u0142o\u0144cem, jak i deszczem. Do wyposa\u017cenia kampera zalicza si\u0119 rozk\u0142adany st\u00f3\u0142 wraz z krzes\u0142ami dzi\u0119ki czemu [&hellip;]<\/p>\n","protected":false},"author":1,"featured_media":459,"parent":0,"menu_order":0,"comment_status":"closed","ping_status":"closed","template":"","meta":{"_regular_price":[],"currency_symbol":[]},"post_slider_layout_featured_media_urls":{"thumbnail":["https:\/\/ejana-camper.pl\/wp-content\/uploads\/2022\/03\/WhatsApp-Image-2022-03-27-at-8.47.51-PM-150x150.jpeg",150,150,true],"post_slider_layout_landscape_large":["https:\/\/ejana-camper.pl\/wp-content\/uploads\/2022\/03\/WhatsApp-Image-2022-03-27-at-8.47.51-PM-1200x800.jpeg",1200,800,true],"post_slider_layout_portrait_large":["https:\/\/ejana-camper.pl\/wp-content\/uploads\/2022\/03\/WhatsApp-Image-2022-03-27-at-8.47.51-PM-1200x1496.jpeg",1200,1496,true],"post_slider_layout_square_large":["https:\/\/ejana-camper.pl\/wp-content\/uploads\/2022\/03\/WhatsApp-Image-2022-03-27-at-8.47.51-PM-1200x1200.jpeg",1200,1200,true],"post_slider_layout_landscape":["https:\/\/ejana-camper.pl\/wp-content\/uploads\/2022\/03\/WhatsApp-Image-2022-03-27-at-8.47.51-PM-600x400.jpeg",600,400,true],"post_slider_layout_portrait":["https:\/\/ejana-camper.pl\/wp-content\/uploads\/2022\/03\/WhatsApp-Image-2022-03-27-at-8.47.51-PM-600x900.jpeg",600,900,true],"post_slider_layout_square":["https:\/\/ejana-camper.pl\/wp-content\/uploads\/2022\/03\/WhatsApp-Image-2022-03-27-at-8.47.51-PM-600x600.jpeg",600,600,true],"full":["https:\/\/ejana-camper.pl\/wp-content\/uploads\/2022\/03\/WhatsApp-Image-2022-03-27-at-8.47.51-PM.jpeg",1496,1496,false]},"_links":{"self":[{"href":"https:\/\/ejana-camper.pl\/index.php\/wp-json\/wp\/v2\/pages\/464"}],"collection":[{"href":"https:\/\/ejana-camper.pl\/index.php\/wp-json\/wp\/v2\/pages"}],"about":[{"href":"https:\/\/ejana-camper.pl\/index.php\/wp-json\/wp\/v2\/types\/page"}],"author":[{"embeddable":true,"href":"https:\/\/ejana-camper.pl\/index.php\/wp-json\/wp\/v2\/users\/1"}],"replies":[{"embeddable":true,"href":"https:\/\/ejana-camper.pl\/index.php\/wp-json\/wp\/v2\/comments?post=464"}],"version-history":[{"count":1,"href":"https:\/\/ejana-camper.pl\/index.php\/wp-json\/wp\/v2\/pages\/464\/revisions"}],"predecessor-version":[{"id":465,"href":"https:\/\/ejana-camper.pl\/index.php\/wp-json\/wp\/v2\/pages\/464\/revisions\/465"}],"wp:featuredmedia":[{"embeddable":true,"href":"https:\/\/ejana-camper.pl\/index.php\/wp-json\/wp\/v2\/media\/459"}],"wp:attachment":[{"href":"https:\/\/ejana-camper.pl\/index.php\/wp-json\/wp\/v2\/media?parent=464"}],"curies":[{"name":"wp","href":"https:\/\/api.w.org\/{rel}","templated":true}]}}