{"id":68,"date":"2022-02-10T18:23:00","date_gmt":"2022-02-10T18:23:00","guid":{"rendered":"https:\/\/ejana-camper.pl\/?page_id=68"},"modified":"2022-03-14T16:52:07","modified_gmt":"2022-03-14T16:52:07","slug":"regulamin","status":"publish","type":"page","link":"https:\/\/ejana-camper.pl\/index.php\/regulamin\/","title":{"rendered":"Regulamin"},"content":{"rendered":"\n<p class=\"has-black-color has-vivid-cyan-blue-background-color has-text-color has-background\"><strong>Podstawowe<\/strong> <strong>warunki<\/strong> <strong>najmu <\/strong>campera<\/p>\n\n\n\n<pre class=\"wp-block-preformatted has-black-color has-text-color\" style=\"font-style:normal;font-weight:400\"><strong>Og\u00f3lne Warunki Wynajmu Kampera\n<\/strong>\n1. Minimalny wiek najemcy i kierowcy 26 lat. \n2. Kierowca dodatkowy wskazany przez minimalny wiek 26 lat.\n   Kierowcy musz\u0105 posiada\u0107 prawa jazdy kat. B od minimum 3 lat.\n3. Rezerwacji kampera mo\u017cna dokona\u0107 drog\u0105 mailow\u0105, \n   na stronie - ejana-camper.pl lub telefonicznie 535 413 275 \n4. Sporz\u0105dzenie protoko\u0142u zdawczego kampera.\n5. Wynajmuj\u0105cy wyra\u017ca zgod\u0119 na u\u017cywanie pojazdu tylko na terenie Unii Europejskiej.\n5. Podpisanie umowy najmu przez strony. W dniu podpisywania umowy Najemca przedk\u0142ada do\n   wgl\u0105du orygina\u0142 oraz kserokopi\u0119 dw\u00f3ch aktualnych dokument\u00f3w to\u017csamo\u015bci\n   ze zdj\u0119ciem (w tym jednym z nich musi by\u0107 prawo jazdy), oraz zap\u0142acony rachunek\n   z adresem (za telefon, energi\u0119, gaz, itp.) s\u0105 one niezb\u0119dne do podpisania umowy.\n6. Wp\u0142ata uzgodnionego zadatku (bezzwrotnego) w wysoko\u015bci 30% ceny najmu \n   w 3 dni od potwierdzenia rezerwacji. Wp\u0142ata zadatku jest r\u00f3wnoznaczna z zawarciem Umowy Najmu\n   kampera i zaakceptowaniem Og\u00f3lnych Warunk\u00f3w Najmu Kampera.\n7. Wp\u0142ata pozosta\u0142ej nale\u017cno\u015bci oraz kaucji (5000,00 z\u0142 s\u0142ownie: pi\u0119\u0107 tysi\u0119cy z\u0142otych 00\/100) \n   minimum 14 dni przed planowanym odbiorem kampera.\n9. W przypadku uszkodzenia, awarii lub kolizji Najemca jest zobowi\u0105zany do natychmiastowego \n   powiadomienia Wynajmuj\u0105cego o zaistnia\u0142ym fakcie. Najemca musi post\u0119powa\u0107 zgodnie z poleceniami\n   Wynajmuj\u0105cego kt\u00f3re uzale\u017cnione s\u0105 od od rodzaju uszkodze\u0144 i awarii.   \n\n8. Wydanie oraz zwrot wynajmowanego kampera odbywa si\u0119 w \n   Gda\u0144sku ul. Nowiny 60.  \n<\/pre>\n\n\n\n<p><\/p>\n","protected":false},"excerpt":{"rendered":"<p>Podstawowe warunki najmu campera Og\u00f3lne Warunki Wynajmu Kampera 1. Minimalny wiek najemcy i kierowcy 26 lat. 2. Kierowca dodatkowy wskazany przez minimalny wiek 26 lat. Kierowcy musz\u0105 posiada\u0107 prawa jazdy kat. B od minimum 3 lat. 3. Rezerwacji kampera mo\u017cna dokona\u0107 drog\u0105 mailow\u0105, na stronie &#8211; ejana-camper.pl lub telefonicznie 535 413 275 4. Sporz\u0105dzenie protoko\u0142u [&hellip;]<\/p>\n","protected":false},"author":1,"featured_media":0,"parent":0,"menu_order":0,"comment_status":"closed","ping_status":"closed","template":"","meta":{"_regular_price":[],"currency_symbol":[]},"post_slider_layout_featured_media_urls":{"thumbnail":"","post_slider_layout_landscape_large":"","post_slider_layout_portrait_large":"","post_slider_layout_square_large":"","post_slider_layout_landscape":"","post_slider_layout_portrait":"","post_slider_layout_square":"","full":""},"_links":{"self":[{"href":"https:\/\/ejana-camper.pl\/index.php\/wp-json\/wp\/v2\/pages\/68"}],"collection":[{"href":"https:\/\/ejana-camper.pl\/index.php\/wp-json\/wp\/v2\/pages"}],"about":[{"href":"https:\/\/ejana-camper.pl\/index.php\/wp-json\/wp\/v2\/types\/page"}],"author":[{"embeddable":true,"href":"https:\/\/ejana-camper.pl\/index.php\/wp-json\/wp\/v2\/users\/1"}],"replies":[{"embeddable":true,"href":"https:\/\/ejana-camper.pl\/index.php\/wp-json\/wp\/v2\/comments?post=68"}],"version-history":[{"count":14,"href":"https:\/\/ejana-camper.pl\/index.php\/wp-json\/wp\/v2\/pages\/68\/revisions"}],"predecessor-version":[{"id":141,"href":"https:\/\/ejana-camper.pl\/index.php\/wp-json\/wp\/v2\/pages\/68\/revisions\/141"}],"wp:attachment":[{"href":"https:\/\/ejana-camper.pl\/index.php\/wp-json\/wp\/v2\/media?parent=68"}],"curies":[{"name":"wp","href":"https:\/\/api.w.org\/{rel}","templated":true}]}}