{"id":70,"date":"2022-02-10T18:23:24","date_gmt":"2022-02-10T18:23:24","guid":{"rendered":"https:\/\/ejana-camper.pl\/?page_id=70"},"modified":"2025-06-01T09:57:50","modified_gmt":"2025-06-01T09:57:50","slug":"koszty","status":"publish","type":"page","link":"https:\/\/ejana-camper.pl\/index.php\/koszty\/","title":{"rendered":"Koszty"},"content":{"rendered":"\n<p><\/p>\n\n\n\n<h2 class=\"has-vivid-cyan-blue-color has-vivid-cyan-blue-background-color has-text-color has-background has-medium-font-size\" id=\"sezon-niski-od-01-09-do-15-06-z-wylaczeniem-dlugiego-weekendu-majowego-450-00-pln-doba\"><mark style=\"background-color:rgba(0, 0, 0, 0)\" class=\"has-inline-color has-vivid-green-cyan-color\"><strong>Sezon niski\u00a0od 01.09 do 15.06 600,00 PLN                                                                                                                 (z wy\u0142\u0105czeniem d\u0142ugiego weekendu majowego &#8211; 700,00 PLN \/ doba<\/strong>)<\/mark>000)0)<\/h2>\n\n\n\n<h2 class=\"has-vivid-red-color has-text-color\">Promocja na kwiecie\u0144  550 PLN \/ doba a weekend  1800 PLN<\/h2>\n\n\n\n<ul class=\"has-black-color has-text-color\"><li>minimalny okres najmu 4 dni<\/li><li>op\u0142ata serwisowa 0,00 PLN (szkolenie przed wydaniem kampera, dwie butle z gazem 11 kg, chemia do WC<\/li><li>przy najmie powy\u017cej 20 dni istnieje mo\u017cliwo\u015b\u0107 negocjacji cen<\/li><\/ul>\n\n\n\n<p><\/p>\n\n\n\n<p><\/p>\n\n\n\n<h2 class=\"has-vivid-cyan-blue-background-color has-background has-medium-font-size\" id=\"sezon-wysoki-od-16-06-do-31-08-699-00-pln-doba\"><mark style=\"background-color:rgba(0, 0, 0, 0)\" class=\"has-inline-color has-vivid-green-cyan-color\"><strong>Sezon wysoki od 16.06 do 31.08\u00a0&#8211; 700,00 PLN<\/strong><\/mark><strong><mark style=\"background-color:rgba(0, 0, 0, 0)\" class=\"has-inline-color has-vivid-green-cyan-color\"> \/ doba<\/mark><\/strong><\/h2>\n\n\n\n<p><\/p>\n\n\n\n<ul class=\"has-black-color has-text-color\"><li>minimalny okres wynajmu wynosi 7 dni<\/li><li>op\u0142ata serwisowa 0,00 PLN (szkolenie przed wydaniem kampera, dwie butle z gazem 11 kg, chemia do WC<\/li><li>przy wynajmie powy\u017cej 20 dni istnieje mo\u017cliwo\u015b\u0107 negocjacji cen&nbsp;<\/li><\/ul>\n\n\n\n<div class=\"wp-block-ive-separator aligncenter undefined ive-separator-_a32ca8-66\"><div class=\"ive-separator ive-separator-halign-center\"><hr class=\"ive-separator-hr float-xl-center float-lg-center float-sm-center float-center\"\/><\/div><\/div>\n\n\n\n<p class=\"has-vivid-cyan-blue-background-color has-background\"><mark style=\"background-color:rgba(0, 0, 0, 0)\" class=\"has-inline-color has-vivid-green-cyan-color\"><strong>Cena wynajmu zawiera:<\/strong><\/mark><\/p>\n\n\n\n<ul class=\"has-black-color has-text-color\"><li>ubezpieczenie kampera AC\/OC\/NNW<\/li><li>pe\u0142en zbiornik paliwa do rozliczenia pe\u0142ny do pe\u0142nego<\/li><li>pe\u0142en zbiornik wody<\/li><li>zestaw chemii i papieru do WC<\/li><li>wyposa\u017cenie kampera wg specyfikacji<\/li><\/ul>\n\n\n\n<p><\/p>\n\n\n\n<p class=\"has-vivid-cyan-blue-color has-vivid-cyan-blue-background-color has-text-color has-background\"><strong><mark style=\"background-color:rgba(0, 0, 0, 0)\" class=\"has-inline-color has-vivid-green-cyan-color\">Cena wynajmu nie zawiera:<\/mark><\/strong><\/p>\n\n\n\n<ul class=\"has-black-color has-text-color\"><li>kosztu czyszczenia kasety wc 100 PLN<\/li><li>koszt opr\u00f3\u017cnienie zbiornika szarej wody 100 PLN<\/li><li>kosztu&nbsp; sprz\u0105tania kampera 200 PLN <\/li><li>pranie tapicerki 500 PLN<\/li><li>tankowanie paliwa 100 PLN plus koszt paliwa <\/li><\/ul>\n\n\n\n<p class=\"has-light-green-cyan-color has-vivid-cyan-blue-background-color has-text-color has-background\">Podane ceny s\u0105 cenami brutto. Wystawiamy faktury vat.  <\/p>\n","protected":false},"excerpt":{"rendered":"<p>Sezon niski\u00a0od 01.09 do 15.06 600,00 PLN (z wy\u0142\u0105czeniem d\u0142ugiego weekendu majowego &#8211; 700,00 PLN \/ doba)000)0) Promocja na kwiecie\u0144 550 PLN \/ doba a weekend 1800 PLN minimalny okres najmu 4 dni op\u0142ata serwisowa 0,00 PLN (szkolenie przed wydaniem kampera, dwie butle z gazem 11 kg, chemia do WC przy najmie powy\u017cej 20 dni [&hellip;]<\/p>\n","protected":false},"author":1,"featured_media":0,"parent":0,"menu_order":0,"comment_status":"closed","ping_status":"closed","template":"","meta":{"_regular_price":[],"currency_symbol":[]},"post_slider_layout_featured_media_urls":{"thumbnail":"","post_slider_layout_landscape_large":"","post_slider_layout_portrait_large":"","post_slider_layout_square_large":"","post_slider_layout_landscape":"","post_slider_layout_portrait":"","post_slider_layout_square":"","full":""},"_links":{"self":[{"href":"https:\/\/ejana-camper.pl\/index.php\/wp-json\/wp\/v2\/pages\/70"}],"collection":[{"href":"https:\/\/ejana-camper.pl\/index.php\/wp-json\/wp\/v2\/pages"}],"about":[{"href":"https:\/\/ejana-camper.pl\/index.php\/wp-json\/wp\/v2\/types\/page"}],"author":[{"embeddable":true,"href":"https:\/\/ejana-camper.pl\/index.php\/wp-json\/wp\/v2\/users\/1"}],"replies":[{"embeddable":true,"href":"https:\/\/ejana-camper.pl\/index.php\/wp-json\/wp\/v2\/comments?post=70"}],"version-history":[{"count":18,"href":"https:\/\/ejana-camper.pl\/index.php\/wp-json\/wp\/v2\/pages\/70\/revisions"}],"predecessor-version":[{"id":496,"href":"https:\/\/ejana-camper.pl\/index.php\/wp-json\/wp\/v2\/pages\/70\/revisions\/496"}],"wp:attachment":[{"href":"https:\/\/ejana-camper.pl\/index.php\/wp-json\/wp\/v2\/media?parent=70"}],"curies":[{"name":"wp","href":"https:\/\/api.w.org\/{rel}","templated":true}]}}